{"id":46,"date":"2017-02-16T10:05:33","date_gmt":"2017-02-16T10:05:33","guid":{"rendered":"http:\/\/cuacua.co\/?page_id=46"},"modified":"2018-10-25T23:19:31","modified_gmt":"2018-10-25T23:19:31","slug":"privacidad","status":"publish","type":"page","link":"https:\/\/cuacua.co\/es\/privacidad\/","title":{"rendered":"Pol\u00edtica de Privacidad"},"content":{"rendered":"<p>De conformidad con lo establecido en la Ley 34\/2.002 de Servicios de la Sociedad de la Informaci\u00f3n y de Comercio Electr\u00f3nico,  y en el Reglamento (UE) 2016\/679 del Parlamento Europeo y del Consejo, de 27 de abril de 2016, relativo a la protecci\u00f3n de las personas f\u00edsicas en lo que respecta al tratamiento de datos personales y a la libre circulaci\u00f3n de estos datos, se informa de que Columbria SL, es el titular de la p\u00e1gina Web cuyo nombre de dominio es http:\/\/cuacua.co\/ y la direcci\u00f3n de correo electr\u00f3nico es jamesamarr@gmail.com<\/p>\n<p>La sede de Columbria SL est\u00e1 situada en C\/Los Gatos 4, Benidorm 03501, Alicante, Espa\u00f1a. Con CIF B42531814.<\/p>\n<p>El uso de la p\u00e1gina web no implica que el usuario deba suministrar informaci\u00f3n alguna respecto a su identidad, no pudiendo ser asociada a un usuario concreto por la empresa. En el supuesto que se suministre datos de car\u00e1cter de personal, estos datos ser\u00e1n recogidos y utilizados conforme a las limitaciones y los derechos recogidos en el RGPD.<\/p>\n<p>Respetamos su privacidad y sus elecciones.<br \/>\nNos aseguramos de que la privacidad y la seguridad est\u00e9n incorporadas en todo lo que hacemos.<br \/>\nNos comprometemos a mantener sus datos seguros y protegidos. Esto incluye solo trabajar con socios de confianza.<br \/>\nNos comprometemos a ser abiertos y transparentes sobre c\u00f3mo usamos sus datos.<br \/>\nNo utilizamos sus datos de formas que no le hayamos informado.<br \/>\nRespetamos sus derechos y siempre tratamos de acomodar sus solicitudes en la medida de lo posible, de acuerdo con nuestras propias responsabilidades legales y operativas.<br \/>\nPara obtener m\u00e1s informaci\u00f3n acerca de nuestras pr\u00e1cticas de privacidad, a continuaci\u00f3n, establecemos qu\u00e9 tipos de datos personales podemos recabar o mantener sobre usted, c\u00f3mo podemos usarlos, con qui\u00e9n podemos compartirlos, c\u00f3mo los protegemos, y c\u00f3mo puede ejercitar sus derechos respecto de dichos datos.<br \/>\nSi tiene alguna pregunta o inquietud sobre sus datos personales, cont\u00e1ctenos en jamesamarr@gmail.com<\/p>\n<p>Consulte la tabla para tener la informaci\u00f3n concreta de informaci\u00f3n<\/p>\n<p>RESPONSABLE: Columbria SL<\/p>\n<p>DIRECCI\u00d3N POSTAL: C\/Los Gatos 4, Benidorm 03501, Alicante, Espa\u00f1a. Con CIF B42531814.<\/p>\n<p>E-MAIL: jamesamarr@gmail.com<\/p>\n<p>FINALIDAD: fines comerciales, de venta y de prestaci\u00f3n de servicios.<\/p>\n<p>LEGITIMACI\u00d3N: La base legal para el tratamiento de sus datos es el consentimiento informado para dar respuesta a las consultas planteadas a trav\u00e9s de la p\u00e1gina web, lo que supone la aceptaci\u00f3n de estas condiciones por parte del interesado.<\/p>\n<p>DESTINATARIO DE LA CESI\u00d3N: Columbria SL, otras compa\u00f1\u00edas del grupo empresarial de Columbria SL y Procesadores de datos dentro y fuera de la UE.<\/p>\n<p>DERECHOS: Acceder, rectificar, borrar, suprimir, limitar, oponerse y portabilidad.<\/p>\n<p>Podr\u00e1 encontrar en la p\u00e1gina web de la AEPD formularios para ejercitar tales derechos:<\/p>\n<p>https:\/\/www.aepd.es\/reglamento\/derechos\/index.html y podr\u00e1 enviarlos a la direcci\u00f3n de correo electr\u00f3nico: jamesamarr@gmail.com<\/p>\n<p>Tambi\u00e9n podr\u00e1 solicitarnos el formulario a trav\u00e9s del mail mencionado.<\/p>\n<p>CATEGOR\u00cdAS DE DATOS PERSONALES: los datos personales que tratamos proceden  de su consentimiento y las categor\u00edas de datos que se tratan son:<\/p>\n<p>Datos de identificaci\u00f3n, c\u00f3digos o claves de identificaci\u00f3n, direcciones postales o electr\u00f3nicas y datos econ\u00f3micos.<\/p>\n<p>No se tratan datos especialmente protegidos.<\/p>\n<p>TIEMPO DE CONSERVACI\u00d3N DE LOS DATOS: sus datos se mantendr\u00e1n de forma que permitan la identificaci\u00f3n de las partes interesadas por un per\u00edodo no superior al necesario para los fines del procesamiento de los datos personales. En particular, se podr\u00e1n guardar los datos hasta que el usuario no comunique su baja.<\/p>\n<p>Suscribimos contratos en terceros de confianza para que realicen una variedad de operaciones comerciales en nuestro nombre. S\u00f3lo les proporcionamos la  informaci\u00f3n que necesitan para realizar el servicio, y les exigimos que no utilicen sus datos personales para ning\u00fan otro prop\u00f3sito. Siempre hacemos nuestro mayor esfuerzo para garantizar que todos los terceros con los que trabajamos mantengan la seguridad de sus datos personales.<\/p>\n<p>Los Datos Personales que recabamos de usted pueden transferirse a, acceder desde, y almacenarse en un destino fuera del Espacio Econ\u00f3mico Europeo (\u201cEEE\u201d). Tambi\u00e9n pueden ser tratados por miembros del personal que operan fuera del EEE y que trabajan para nosotros o para uno de nuestros proveedores de servicios.<\/p>\n<p>Columbria SL transfiere datos personales fuera del EEE solo de forma segura y legal. Como es posible que algunos pa\u00edses no tengan leyes que rijan el uso y la transferencia de datos personales, tomamos medidas para garantizar que los terceros cumplan con los compromisos establecidos en esta Pol\u00edtica. Estos pasos pueden incluir revisar los est\u00e1ndares de privacidad y seguridad de terceros y \/ o celebrar contratos apropiados (basados en las cl\u00e1usulas contractuales tipo de protecci\u00f3n de datos de la plantilla adoptada por la Comisi\u00f3n de la UE).<\/p>\n<p>Prestadores de servicios ubicados fuera del EEE tales como Facebook, Inc o Google, LLC podr\u00e1n acceder a sus datos de car\u00e1cter personal. Estos prestadores de servicios se encuentran acogidos al \u201cPrivacy Shield\u201d o escudo de privacidad y, por tanto, se encuentran obligados a proteger sus datos personales con arreglo a una serie de normas de protecci\u00f3n y salvaguardias bien definidas por la Uni\u00f3n Europea.<br \/>\nSi desea obtener una copia de las garant\u00edas adecuadas para realizar transferencias internacionales, cont\u00e1ctenos a trav\u00e9s del mail jamesamarr@gmail.com<\/p>\n<p>Nos comprometemos a proteger sus Datos Personales y a tomar todas las precauciones razonables para hacerlo. Exigimos contractualmente que los terceros de confianza que manejan sus Datos Personales hagan lo mismo.<\/p>\n<p>Siempre hacemos nuestro mejor esfuerzo para proteger sus Datos Personales y una vez que hemos recibido su informaci\u00f3n personal, utilizamos procedimientos estrictos y funciones de seguridad para tratar de evitar el acceso no autorizado. Como la transmisi\u00f3n de informaci\u00f3n a trav\u00e9s de Internet no es completamente segura, no podemos garantizar la seguridad de sus datos transmitidos a nuestro sitio. Por ello, cualquier transmisi\u00f3n es bajo su propio riesgo.<\/p>\n<p>Nuestros sitios web y aplicaciones pueden contener enlaces hacia y desde los sitios web de nuestras redes asociadas, anunciantes y afiliados. Si sigue un enlace a cualquiera de estos sitios web, tenga en cuenta que estos sitios web tienen sus propias pol\u00edticas de privacidad y que no somos responsables de estas pol\u00edticas.<\/p>\n<p>Consulte estas pol\u00edticas antes de enviar datos personales a estos sitios web.<\/p>\n<p>Tambi\u00e9n podemos ofrecerle la oportunidad de utilizar su inicio de sesi\u00f3n en las redes sociales para registrarse en nuestro concurso. Si lo hace, tenga en cuenta que comparte su informaci\u00f3n de perfil social con nosotros. Los datos personales compartidos dependen de la configuraci\u00f3n de su plataforma de medios sociales. Visite la plataforma de redes sociales en cuesti\u00f3n y revise su pol\u00edtica de privacidad para comprender c\u00f3mo se comparten y usan sus datos personales en este contexto<\/p>\n<p>Algunos de nuestros sitios web y aplicaciones permiten a los usuarios enviar su propio contenido. Recuerde que cualquier contenido enviado a una de nuestras plataformas de redes sociales puede ser visto por el p\u00fablico, por lo que debe tener cuidado al proporcionar ciertos datos personales (por ejemplo, informaci\u00f3n financiera o detalles de su direcci\u00f3n). No somos responsables de ninguna acci\u00f3n realizada por otras personas si publica datos personales en una de nuestras plataformas de redes sociales y le recomendamos que no comparta dicha informaci\u00f3n.<\/p>\n<p>Igualmente, le recordamos que cada vez que al usar la Web, nos facilite, o sea necesario que accedamos a cualquier tipo de informaci\u00f3n que por sus caracter\u00edsticas nos permita identificarle, como su nombre y apellidos, e-mail, direcciones de facturaci\u00f3n o env\u00edo, n\u00famero de tel\u00e9fono, tipo de dispositivo o n\u00famero de tarjeta de d\u00e9bito o cr\u00e9dito, etc. (en adelante, \u201cDatos Personales\u201d), ya sea para navegar por la misma, comprar nuestros productos o hacer uso de sus servicios o funcionalidades, estar\u00e1 bajo la aplicaci\u00f3n de esta Pol\u00edtica de Privacidad, junto con los T\u00e9rminos de Uso de la Web, y otros documentos referenciados en las mismas vigentes en cada momento, debiendo revisar dichos textos para comprobar que est\u00e1 conforme con ellos.<\/p>\n<p>Esta Pol\u00edtica de Privacidad y nuestros T\u00e9rminos de Uso podr\u00edan ser modificados. Es su responsabilidad leerlos peri\u00f3dicamente, ya que resultar\u00e1n aplicables aquellos que se encuentren vigentes en el momento de uso de la Web.<\/p>\n<p>En el \u00e1mbito de la venta a distancia, es obligatorio proporcionar cierta informaci\u00f3n personal, ya que esta informaci\u00f3n es necesaria tanto para procesar y entregar sus pedidos como para preparar sus facturas. Tal informaci\u00f3n personal es estrictamente confidencial. No proporcionar tal informaci\u00f3n personal implicar\u00eda no poder materializar la compra-venta del pedido.<\/p>\n<p>EL USUARIO responder\u00e1 de los da\u00f1os y perjuicios que Columbria SL, sus afiliadas, sucursales, matrices o compa\u00f1\u00edas asociadas y cualesquiera puedan sufrir directa o indirectamente, como consecuencia del incumplimiento de cualquiera de las obligaciones derivadas de estos T\u00c9RMINOS Y CONDICIONES o de cualesquiera otras obligaciones legales que fueren aplicables y mantendr\u00e1 indemne a Columbria SL  frente a cualquier sanci\u00f3n, reclamaci\u00f3n o demanda que pudiera interponerse por un tercero, incluidos organismos p\u00fablicos, contra Columbria SL, sus afiliadas, sucursales, matrices, compa\u00f1\u00edas asociadas o agentes como consecuencia de la violaci\u00f3n de cualesquiera derechos de terceros por parte de dicho usuario por la utilizaci\u00f3n de EL SITIO o de los servicios y materiales vinculados al mismo en forma contraria a estos T\u00c9RMINOS Y CONDICIONES o a la legislaci\u00f3n aplicable.<\/p>\n<p>Columbria SL se reserva el derecho defender y controlar con exclusividad cualquier reclamaci\u00f3n de este tipo y EL USUARIO se compromete a cooperar enteramente con Columbria SL en dicha defensa.<\/p>\n<p>Columbria SL  no tendr\u00e1 obligaci\u00f3n de supervisar el Servicio ni el uso efectuado por el usuario ni conservar los contenidos de ninguna sesi\u00f3n de EL USUARIO. No obstante, podr\u00e1 restringir, suspender o impedir el acceso a EL SITIO y a los servicios en los contenidos, incluidos los interactivos, si considera que EL USUARIO ha violado estos T\u00c9RMINOS Y CONDICIONES o infringido la legislaci\u00f3n vigente, sin perjuicio de ejercitar las acciones que legalmente le correspondan.<\/p>\n<p>En caso de incumplimiento por EL USUARIO de los presentes T\u00c9RMINOS Y CONDICIONES o de la legislaci\u00f3n vigente aplicable Columbria SL podr\u00e1, sin que ello de lugar a cualquier tipo de indemnizaci\u00f3n, retirar de su p\u00e1gina web los contenidos ilegales, pudiendo actuar tanto a su criterio, como a petici\u00f3n de tercero afectado, de conformidad siempre con la legislaci\u00f3n vigente. Columbria SL no asume la obligaci\u00f3n de mantener la confidencialidad, el secreto o la propiedad de cualquier informaci\u00f3n o material recibido de EL USUARIO.<\/p>\n<p>Toda sugerencia, idea, concepto creativo, gr\u00e1fico u otra informaci\u00f3n que se reciba en esta p\u00e1gina web ser\u00e1 propiedad exclusiva e indefinida de Columbria SL y se considerar\u00e1 cedida a t\u00edtulo gratuito. EL USUARIO accede por tanto, a su utilizaci\u00f3n y publicaci\u00f3n por Columbria SL para cualquier fin que esta considere adecuado, sin asumir responsabilidad alguna por p\u00e9rdida o da\u00f1o sufrido por EL USUARIO como resultado de tal uso o publicaci\u00f3n, quedando a salvo los derechos que EL USUARIO pueda tener de acuerdo con el RGPD o an\u00e1logas, hasta el punto en que tales derechos puedan ser excluidos.<\/p>\n","protected":false},"excerpt":{"rendered":"<p>De conformidad con lo establecido en la Ley 34\/2.002 de Servicios de la Sociedad de la Informaci\u00f3n y de Comercio Electr\u00f3nico, y en el Reglamento (UE) 2016\/679 del Parlamento Europeo &#8230;<\/p>\n","protected":false},"author":1,"featured_media":0,"parent":0,"menu_order":0,"comment_status":"closed","ping_status":"closed","template":"","meta":{"footnotes":""},"class_list":["post-46","page","type-page","status-publish","hentry"],"yoast_head":"<!-- This site is optimized with the Yoast SEO plugin v26.9 - https:\/\/yoast.com\/product\/yoast-seo-wordpress\/ -->\n<title>Pol\u00edtica de Privacidad - CUA CUA<\/title>\n<meta name=\"robots\" content=\"index, follow, max-snippet:-1, max-image-preview:large, max-video-preview:-1\" \/>\n<link rel=\"canonical\" href=\"https:\/\/cuacua.co\/es\/privacidad\/\" \/>\n<meta property=\"og:locale\" content=\"es_ES\" \/>\n<meta property=\"og:type\" content=\"article\" \/>\n<meta property=\"og:title\" content=\"Pol\u00edtica de Privacidad - CUA CUA\" \/>\n<meta property=\"og:description\" content=\"De conformidad con lo establecido en la Ley 34\/2.002 de Servicios de la Sociedad de la Informaci\u00f3n y de Comercio Electr\u00f3nico, y en el Reglamento (UE) 2016\/679 del Parlamento Europeo ...\" \/>\n<meta property=\"og:url\" content=\"https:\/\/cuacua.co\/es\/privacidad\/\" \/>\n<meta property=\"og:site_name\" content=\"CUA CUA\" \/>\n<meta property=\"article:modified_time\" content=\"2018-10-25T23:19:31+00:00\" \/>\n<meta name=\"twitter:card\" content=\"summary_large_image\" \/>\n<meta name=\"twitter:label1\" content=\"Tiempo de lectura\" \/>\n\t<meta name=\"twitter:data1\" content=\"10 minutos\" \/>\n<script type=\"application\/ld+json\" class=\"yoast-schema-graph\">{\"@context\":\"https:\/\/schema.org\",\"@graph\":[{\"@type\":\"WebPage\",\"@id\":\"https:\/\/cuacua.co\/es\/privacidad\/\",\"url\":\"https:\/\/cuacua.co\/es\/privacidad\/\",\"name\":\"Pol\u00edtica de Privacidad - CUA CUA\",\"isPartOf\":{\"@id\":\"http:\/\/cuacua.co\/#website\"},\"datePublished\":\"2017-02-16T10:05:33+00:00\",\"dateModified\":\"2018-10-25T23:19:31+00:00\",\"breadcrumb\":{\"@id\":\"https:\/\/cuacua.co\/es\/privacidad\/#breadcrumb\"},\"inLanguage\":\"es\",\"potentialAction\":[{\"@type\":\"ReadAction\",\"target\":[\"https:\/\/cuacua.co\/es\/privacidad\/\"]}]},{\"@type\":\"BreadcrumbList\",\"@id\":\"https:\/\/cuacua.co\/es\/privacidad\/#breadcrumb\",\"itemListElement\":[{\"@type\":\"ListItem\",\"position\":1,\"name\":\"Home\",\"item\":\"https:\/\/cuacua.co\/es\/\"},{\"@type\":\"ListItem\",\"position\":2,\"name\":\"Pol\u00edtica de Privacidad\"}]},{\"@type\":\"WebSite\",\"@id\":\"http:\/\/cuacua.co\/#website\",\"url\":\"http:\/\/cuacua.co\/\",\"name\":\"CUA CUA\",\"description\":\"Licor de Naranja\",\"potentialAction\":[{\"@type\":\"SearchAction\",\"target\":{\"@type\":\"EntryPoint\",\"urlTemplate\":\"http:\/\/cuacua.co\/?s={search_term_string}\"},\"query-input\":{\"@type\":\"PropertyValueSpecification\",\"valueRequired\":true,\"valueName\":\"search_term_string\"}}],\"inLanguage\":\"es\"}]}<\/script>\n<!-- \/ Yoast SEO plugin. -->","yoast_head_json":{"title":"Pol\u00edtica de Privacidad - CUA CUA","robots":{"index":"index","follow":"follow","max-snippet":"max-snippet:-1","max-image-preview":"max-image-preview:large","max-video-preview":"max-video-preview:-1"},"canonical":"https:\/\/cuacua.co\/es\/privacidad\/","og_locale":"es_ES","og_type":"article","og_title":"Pol\u00edtica de Privacidad - CUA CUA","og_description":"De conformidad con lo establecido en la Ley 34\/2.002 de Servicios de la Sociedad de la Informaci\u00f3n y de Comercio Electr\u00f3nico, y en el Reglamento (UE) 2016\/679 del Parlamento Europeo ...","og_url":"https:\/\/cuacua.co\/es\/privacidad\/","og_site_name":"CUA CUA","article_modified_time":"2018-10-25T23:19:31+00:00","twitter_card":"summary_large_image","twitter_misc":{"Tiempo de lectura":"10 minutos"},"schema":{"@context":"https:\/\/schema.org","@graph":[{"@type":"WebPage","@id":"https:\/\/cuacua.co\/es\/privacidad\/","url":"https:\/\/cuacua.co\/es\/privacidad\/","name":"Pol\u00edtica de Privacidad - CUA CUA","isPartOf":{"@id":"http:\/\/cuacua.co\/#website"},"datePublished":"2017-02-16T10:05:33+00:00","dateModified":"2018-10-25T23:19:31+00:00","breadcrumb":{"@id":"https:\/\/cuacua.co\/es\/privacidad\/#breadcrumb"},"inLanguage":"es","potentialAction":[{"@type":"ReadAction","target":["https:\/\/cuacua.co\/es\/privacidad\/"]}]},{"@type":"BreadcrumbList","@id":"https:\/\/cuacua.co\/es\/privacidad\/#breadcrumb","itemListElement":[{"@type":"ListItem","position":1,"name":"Home","item":"https:\/\/cuacua.co\/es\/"},{"@type":"ListItem","position":2,"name":"Pol\u00edtica de Privacidad"}]},{"@type":"WebSite","@id":"http:\/\/cuacua.co\/#website","url":"http:\/\/cuacua.co\/","name":"CUA CUA","description":"Licor de Naranja","potentialAction":[{"@type":"SearchAction","target":{"@type":"EntryPoint","urlTemplate":"http:\/\/cuacua.co\/?s={search_term_string}"},"query-input":{"@type":"PropertyValueSpecification","valueRequired":true,"valueName":"search_term_string"}}],"inLanguage":"es"}]}},"_links":{"self":[{"href":"https:\/\/cuacua.co\/es\/wp-json\/wp\/v2\/pages\/46","targetHints":{"allow":["GET"]}}],"collection":[{"href":"https:\/\/cuacua.co\/es\/wp-json\/wp\/v2\/pages"}],"about":[{"href":"https:\/\/cuacua.co\/es\/wp-json\/wp\/v2\/types\/page"}],"author":[{"embeddable":true,"href":"https:\/\/cuacua.co\/es\/wp-json\/wp\/v2\/users\/1"}],"replies":[{"embeddable":true,"href":"https:\/\/cuacua.co\/es\/wp-json\/wp\/v2\/comments?post=46"}],"version-history":[{"count":5,"href":"https:\/\/cuacua.co\/es\/wp-json\/wp\/v2\/pages\/46\/revisions"}],"predecessor-version":[{"id":233,"href":"https:\/\/cuacua.co\/es\/wp-json\/wp\/v2\/pages\/46\/revisions\/233"}],"wp:attachment":[{"href":"https:\/\/cuacua.co\/es\/wp-json\/wp\/v2\/media?parent=46"}],"curies":[{"name":"wp","href":"https:\/\/api.w.org\/{rel}","templated":true}]}}