{"id":44,"date":"2017-02-16T10:02:33","date_gmt":"2017-02-16T10:02:33","guid":{"rendered":"http:\/\/cuacua.co\/?page_id=44"},"modified":"2018-11-27T16:10:15","modified_gmt":"2018-11-27T16:10:15","slug":"aviso-legal","status":"publish","type":"page","link":"https:\/\/cuacua.co\/es\/aviso-legal\/","title":{"rendered":"Aviso Legal"},"content":{"rendered":"<p>Columbria SL \u2013 CIF B42531814, inscrita en el Registro Mercantil de Alicante con fecha 03\/10\/2017 Tomo 4073, Folio 170, inscripci\u00f3n 1\u00aa, con hoja A-157245 y domicilio social y a efecto de notificaciones en, C\/Los Gatos 4, Benidorm 03501, Alicante, Espa\u00f1a.<\/p>\n<p>La presente informaci\u00f3n conforma y regula las condiciones de uso, las limitaciones de responsabilidad y las obligaciones que los usuarios de la p\u00e1gina Web que se publica bajo el nombre de dominio \u201chttp:\/\/cuacua.co\/\u201d asumen y se comprometen a respetar.<\/p>\n<p>T\u00c9RMINOS Y CONDICIONES<br \/>\nRESPECTO AL USO DE LA WEB:<br \/>\nLa simple y mera utilizaci\u00f3n de la web otorga la condici\u00f3n de usuario de la P\u00e1gina, bien sea persona f\u00edsica o jur\u00eddica, y obligatoriamente implica la aceptaci\u00f3n completa, plena y sin reservas de todas y cada una de las cl\u00e1usulas y condiciones generales incluidas en el Aviso Legal. Si el Usuario no estuviera conforme con las cl\u00e1usulas y condiciones de uso de este Aviso Legal, se abstendr\u00e1 de utilizar la P\u00e1gina.<\/p>\n<p>El Usuario debe leer el Aviso Legal en todas y cada una de las ocasiones en que acceda a la P\u00e1gina, al ser susceptible de cambios.<\/p>\n<p>El Usuario est\u00e1 obligado y se compromete a utilizar la P\u00e1gina y los Contenidos de conformidad con la legislaci\u00f3n vigente, el Aviso Legal, y cualquier otro aviso o instrucciones puestos en su conocimiento.<\/p>\n<p>A tal efecto, el Usuario se obliga y compromete a NO utilizar cualquiera de los Contenidos con fines o efectos il\u00edcitos, prohibidos en el Aviso Legal o por la legislaci\u00f3n vigente, lesivos de los derechos e intereses de terceros, o que de cualquier forma puedan da\u00f1ar, inutilizar, sobrecargar, deteriorar o impedir la normal utilizaci\u00f3n de los Contenidos, los equipos inform\u00e1ticos o los documentos, archivos y toda clase de contenidos almacenados en cualquier equipo inform\u00e1tico propios o contratados por Columbria SL y empresas del grupo, de otros Usuarios o de cualquier usuario de Internet (hardware y software).<\/p>\n<p>El Usuario se obliga y se compromete a no transmitir, difundir o poner a disposici\u00f3n de terceros cualquier clase de material contenido en la P\u00e1gina, no pudiendo reproducir, copiar, distribuir, o modificar los Contenidos de la misma; suprimir, manipular o de cualquier forma alterar el \u201ccopyright\u201d y dem\u00e1s datos identificativos de la reserva de derechos de Columbria SL y empresas del grupo.<\/p>\n<p>El Usuario deber\u00e1 abstenerse de obtener e incluso de intentar obtener los Contenidos empleando para ello medios o procedimientos distintos de los que, seg\u00fan los casos, se hayan puesto a su disposici\u00f3n a este efecto o se hayan indicado a este efecto en las p\u00e1ginas Web donde se encuentren los Contenidos o, en general, de los que se empleen habitualmente en Internet a este efecto siempre que no entra\u00f1en un riesgo de da\u00f1o o inutilizaci\u00f3n de la P\u00e1gina, y\/o de los Contenidos.<\/p>\n<p>Este sitio se encuentra reservado \u00fanica y exclusivamente a personas mayores de edad, dado que la legislaci\u00f3n vigente proh\u00edbe la publicidad, venta, consumo y suministro de alcohol a los menores de 18 a\u00f1os. No obstante, Columbria SL no comprobar\u00e1 la certeza de los datos proporcionados, ni se responsabilizar\u00e1 de aquellas personas menores de edad que entren en esta p\u00e1gina incumpliendo dicha condici\u00f3n de acceso. La plena responsabilidad en la determinaci\u00f3n de los concretos contenidos y servicios a los que acceden los menores de edad corresponde exclusivamente a las personas mayores de edad que se encuentran a cargo de los mismos, por lo que Columbria SL,  recomienda a padres, representantes o tutores legales supervisar o tomar las precauciones oportunas durante la navegaci\u00f3n de los menores por Internet. La legislaci\u00f3n aduanera de algunos pa\u00edses no permite la entrada de vinos o bebidas alcoh\u00f3licas. EL USUARIO entiende y acepta que estas restricciones aduaneras pueden cambiar con relativa frecuencia, enumeramos a continuaci\u00f3n los siguientes pa\u00edses con ENTRADA DE VINO O BEBIDAS ALCOH\u00d3LICAS NO PERMITIDAS: Afganist\u00e1n, Arabia Saud\u00ed, Azerbaij\u00e1n, Bahamas, Bahrain, Bangladesh, Bosnia, Cuba, Dinamarca, Dubai, Egipto, Emiratos Arabes Unidos, Eslovaquia, Eslovenia, Etiop\u00eda, Finlandia, Francia y los territorios y departamentos franceses de ultramar (Francia Guyana, Guadalupe, Martinica, Reuni\u00f3n, Mayotte, St. Pierre y Miquel\u00f3n, Francia Polin\u00e9sica, Nueva Caledonia, Territorios Ant\u00e1rticos y del Sur, Isas Wallis y Futura), Hungr\u00eda, India, Irak, Ir\u00e1n, Islandia, Jordania, Kazahstan, Krygyst\u00e1n, Kuwait, Libia, malasia, Noruega, Om\u00e1n, Pakist\u00e1n, Polonia, Qatar, Siria, Sud\u00e1n, Suecia, Tajkistan, Tailandia, Togo, Turkmenist\u00e1n, Ubia, Ucrania, Uthuania, Uzbekist\u00e1n y Yem\u00e9n. La entrada en esta p\u00e1gina web es de car\u00e1cter gratuito para EL USUARIO.<\/p>\n<p>La presente p\u00e1gina web est\u00e1 sujeta a lo dispuesto en la Ley 3\/2014, de 27 de marzo, por la que se modifica el texto refundido de la Ley General para la Defensa de los Consumidores y Usuarios y otras leyes complementarias, aprobado por el Real Decreto Legislativo 1\/2007, de 16 de noviembre, REGLAMENTO (UE) 2016\/679 DEL PARLAMENTO EUROPEO Y DEL CONSEJO, de 27 de abril de 2016, relativo a la protecci\u00f3n de las personas f\u00edsicas en lo que respecta al tratamiento de datos personales, y a la libre circulaci\u00f3n de estos datos y por el que se deroga la Directiva 95\/46\/CE (Reglamento general de protecci\u00f3n de datos) Ley 34\/2002 de 11 de julio, de Servicios de la Sociedad de la Informaci\u00f3n y de Comercio Electr\u00f3nico, entre otras muchas legislaciones que nos amparan. Igualmente, Columbria SL y el resto de empresas del grupo se encuentra adherida, entre otras, al C\u00f3digo de Conducta de la Asociaci\u00f3n para la Autorregulaci\u00f3n de la Comunicaci\u00f3n, disponible en httpp.\/\/www.aap.es y al de Confianza Online, un sistema de resoluci\u00f3n de posibles controversias que puedan surgir entre consumidores y empresas en el \u00e1mbito del Comercio Electr\u00f3nico y la publicidad interactiva. Si usted como USUARIO no acepta los presentes T\u00c9RMINOS Y CONDICIONES deber\u00eda abstenerse de utilizar este sitio web.<\/p>\n<p>PROPIEDAD INTELECTUAL E INDUSTRIAL, COPYRIGHT:<br \/>\nLos contenidos y materiales prestados por Columbria SL o vertidos en este sitio web constituyen una obra en el sentido de la legislaci\u00f3n sobre propiedad intelectual y\/o industrial, por lo que se hallan protegidos por las leyes y convenios internacionales aplicables en la materia. En consecuencia, todo el material, servicios y contenido que forma parte de EL SITIO constituyen una obra en el sentido del Derecho de Autor y est\u00e1n protegidas por la legislaci\u00f3n aplicable en materia de propiedad intelectual y\/o industrial. Salvo que fuera autorizado expresamente y por escrito por parte de Columbria SL  o, en su caso, por los terceros titulares de los derechos correspondientes, o a menos que resulte legalmente permitido, queda prohibida cualquier forma de transmisi\u00f3n, distribuci\u00f3n, almacenamiento, comunicaci\u00f3n p\u00fablica, puesta a disposici\u00f3n, reproducci\u00f3n, desensamblamiento, ingenier\u00eda inversa, pr\u00e9stamo o alquiler y cualquier otro acto de explotaci\u00f3n p\u00fablica respecto al presente SITIO web, contenido e informaci\u00f3n del mismo. Todos los derechos de esta website est\u00e1n protegidos por su copyright. Todos los derechos reservados, y por tanto, su contenido pertenece \u00fanica y exclusivamente a su autor.<\/p>\n<p>EL USUARIO podr\u00e1 utilizar los materiales, elementos, contenidos, e informaci\u00f3n a la que acceda a trav\u00e9s de la utilizaci\u00f3n del sitio web \u00fanicamente para sus propias necesidades, comprometi\u00e9ndose a no realizar ni directa ni indirectamente, en su totalidad o parcialmente, una explotaci\u00f3n comercial de los mismos, sin el permiso previo y por escrito de Columbria SL.<\/p>\n<p>EXCLUSI\u00d3N DE GARANT\u00cdAS Y LIMITACI\u00d3N DE RESPONSABILIDAD:<br \/>\nColumbria SL  no garantiza la disponibilidad y continuidad de EL SITIO, de su contenido, ni de los servicios vinculados al mismo, ni su idoneidad, fiabilidad, oportunidad, veracidad o exactitud para cualquier prop\u00f3sito. De forma peri\u00f3dica pueden incorporarse cambios a la informaci\u00f3n contenida. En ning\u00fan caso Columbria SL o sus afiliadas, sucursales, matrices o compa\u00f1\u00edas asociadas ser\u00e1n responsables de cualquier da\u00f1o o perjuicio, que tenga relaci\u00f3n con, resulte del uso, acceso, o la ineptitud para el uso del contenido de este web o sea causado por cualquier fallo en el funcionamiento, omisi\u00f3n, interrupci\u00f3n, demora en la transmisi\u00f3n, virus inform\u00e1tico o fallo en la l\u00ednea (incluidos da\u00f1os directos, incidentales, derivados, indirectos o penales y cualesquiera otros que pudieran derivarse a\u00fan cuando no se hallen comprendidos en los anteriormente citados) con independencia de que tal p\u00e9rdida o da\u00f1o, tenga origen contractual o extracontractual, surja de nuestra negligencia, responsabilidad objetiva o de cualquier otro tipo e incluso aunque seamos expresamente informados de la posibilidad de tal p\u00e9rdida o da\u00f1o.<\/p>\n<p>Es responsabilidad de EL USUARIO utilizar un software antivirus para comprobar cualquier material descargado de la web y asegurar la compatibilidad de tal software con su equipo y tambi\u00e9n asumir el coste total de los servicios, reparaciones o correcciones necesarias.<\/p>\n<p>EL USUARIO asume que Internet no es un medio completamente seguro y por lo tanto, Columbria SL no puede garantizar que cualquier informaci\u00f3n o material que EL USUARIO env\u00ede, coloque o transmita a trav\u00e9s de la web est\u00e9 libre de utilizaci\u00f3n o acceso no autorizado. No obstante, Columbria SL  adoptar\u00e1 medidas para preservar la seguridad de EL SITIO de acuerdo con criterios de razonabilidad.<\/p>\n<p>Columbria SL no es responsable de los contenidos enviados, utilizados y\/o incluidos en los servicios por cualquier tercero, ni del acceso no autorizado o alteraci\u00f3n de sus transmisiones o datos, de cualquier material o datos enviados o recibidos o no enviados o recibidos, ni de ninguna transacci\u00f3n realizada a trav\u00e9s de esta website.<\/p>\n<p>Columbria SL  \u00fanicamente se responsabiliza de las conductas y contenidos propios y por tanto, no responder\u00e1 de informaciones, manifestaciones, opiniones o conductas manifestadas por EL USUARIO, a\u00fan cuando afecten a los derechos de terceros.<\/p>\n<p>Columbria SL no garantiza la disponibilidad t\u00e9cnica, calidad, fiabilidad, exactitud o veracidad de contenidos y servicios disponibles en sitios pertenecientes o gestionados por terceros a los que EL USUARIO acceda por medio de links o dispositivos t\u00e9cnicos de enlace desde este sitio web. Columbria SL  no controla el contenido de dichos sitios web, ni ofrece, ni comercializa, los productos y servicios disponibles en los sitios web as\u00ed enlazados, ni asume en consecuencia responsabilidad alguna, directa o indirecta, por los da\u00f1os, perjuicios o costes ocasionados en relaci\u00f3n con la utilizaci\u00f3n de los mismos. Ninguna p\u00e1gina web podr\u00e1 contener un dispositivo t\u00e9cnico de enlace a este sitio web o a sus p\u00e1ginas, sin el consentimiento previo y por escrito de Columbria SL.<\/p>\n","protected":false},"excerpt":{"rendered":"<p>Columbria SL \u2013 CIF B42531814, inscrita en el Registro Mercantil de Alicante con fecha 03\/10\/2017 Tomo 4073, Folio 170, inscripci\u00f3n 1\u00aa, con hoja A-157245 y domicilio social y a efecto &#8230;<\/p>\n","protected":false},"author":1,"featured_media":0,"parent":0,"menu_order":0,"comment_status":"closed","ping_status":"closed","template":"","meta":{"footnotes":""},"class_list":["post-44","page","type-page","status-publish","hentry"],"yoast_head":"<!-- This site is optimized with the Yoast SEO plugin v26.9 - https:\/\/yoast.com\/product\/yoast-seo-wordpress\/ -->\n<title>Aviso Legal - CUA CUA<\/title>\n<meta name=\"robots\" content=\"index, follow, max-snippet:-1, max-image-preview:large, max-video-preview:-1\" \/>\n<link rel=\"canonical\" href=\"https:\/\/cuacua.co\/es\/aviso-legal\/\" \/>\n<meta property=\"og:locale\" content=\"es_ES\" \/>\n<meta property=\"og:type\" content=\"article\" \/>\n<meta property=\"og:title\" content=\"Aviso Legal - CUA CUA\" \/>\n<meta property=\"og:description\" content=\"Columbria SL \u2013 CIF B42531814, inscrita en el Registro Mercantil de Alicante con fecha 03\/10\/2017 Tomo 4073, Folio 170, inscripci\u00f3n 1\u00aa, con hoja A-157245 y domicilio social y a efecto ...\" \/>\n<meta property=\"og:url\" content=\"https:\/\/cuacua.co\/es\/aviso-legal\/\" \/>\n<meta property=\"og:site_name\" content=\"CUA CUA\" \/>\n<meta property=\"article:modified_time\" content=\"2018-11-27T16:10:15+00:00\" \/>\n<meta name=\"twitter:card\" content=\"summary_large_image\" \/>\n<meta name=\"twitter:label1\" content=\"Tiempo de lectura\" \/>\n\t<meta name=\"twitter:data1\" content=\"9 minutos\" \/>\n<script type=\"application\/ld+json\" class=\"yoast-schema-graph\">{\"@context\":\"https:\/\/schema.org\",\"@graph\":[{\"@type\":\"WebPage\",\"@id\":\"https:\/\/cuacua.co\/es\/aviso-legal\/\",\"url\":\"https:\/\/cuacua.co\/es\/aviso-legal\/\",\"name\":\"Aviso Legal - CUA CUA\",\"isPartOf\":{\"@id\":\"http:\/\/cuacua.co\/#website\"},\"datePublished\":\"2017-02-16T10:02:33+00:00\",\"dateModified\":\"2018-11-27T16:10:15+00:00\",\"breadcrumb\":{\"@id\":\"https:\/\/cuacua.co\/es\/aviso-legal\/#breadcrumb\"},\"inLanguage\":\"es\",\"potentialAction\":[{\"@type\":\"ReadAction\",\"target\":[\"https:\/\/cuacua.co\/es\/aviso-legal\/\"]}]},{\"@type\":\"BreadcrumbList\",\"@id\":\"https:\/\/cuacua.co\/es\/aviso-legal\/#breadcrumb\",\"itemListElement\":[{\"@type\":\"ListItem\",\"position\":1,\"name\":\"Home\",\"item\":\"https:\/\/cuacua.co\/es\/\"},{\"@type\":\"ListItem\",\"position\":2,\"name\":\"Aviso Legal\"}]},{\"@type\":\"WebSite\",\"@id\":\"http:\/\/cuacua.co\/#website\",\"url\":\"http:\/\/cuacua.co\/\",\"name\":\"CUA CUA\",\"description\":\"Licor de Naranja\",\"potentialAction\":[{\"@type\":\"SearchAction\",\"target\":{\"@type\":\"EntryPoint\",\"urlTemplate\":\"http:\/\/cuacua.co\/?s={search_term_string}\"},\"query-input\":{\"@type\":\"PropertyValueSpecification\",\"valueRequired\":true,\"valueName\":\"search_term_string\"}}],\"inLanguage\":\"es\"}]}<\/script>\n<!-- \/ Yoast SEO plugin. -->","yoast_head_json":{"title":"Aviso Legal - CUA CUA","robots":{"index":"index","follow":"follow","max-snippet":"max-snippet:-1","max-image-preview":"max-image-preview:large","max-video-preview":"max-video-preview:-1"},"canonical":"https:\/\/cuacua.co\/es\/aviso-legal\/","og_locale":"es_ES","og_type":"article","og_title":"Aviso Legal - CUA CUA","og_description":"Columbria SL \u2013 CIF B42531814, inscrita en el Registro Mercantil de Alicante con fecha 03\/10\/2017 Tomo 4073, Folio 170, inscripci\u00f3n 1\u00aa, con hoja A-157245 y domicilio social y a efecto ...","og_url":"https:\/\/cuacua.co\/es\/aviso-legal\/","og_site_name":"CUA CUA","article_modified_time":"2018-11-27T16:10:15+00:00","twitter_card":"summary_large_image","twitter_misc":{"Tiempo de lectura":"9 minutos"},"schema":{"@context":"https:\/\/schema.org","@graph":[{"@type":"WebPage","@id":"https:\/\/cuacua.co\/es\/aviso-legal\/","url":"https:\/\/cuacua.co\/es\/aviso-legal\/","name":"Aviso Legal - CUA CUA","isPartOf":{"@id":"http:\/\/cuacua.co\/#website"},"datePublished":"2017-02-16T10:02:33+00:00","dateModified":"2018-11-27T16:10:15+00:00","breadcrumb":{"@id":"https:\/\/cuacua.co\/es\/aviso-legal\/#breadcrumb"},"inLanguage":"es","potentialAction":[{"@type":"ReadAction","target":["https:\/\/cuacua.co\/es\/aviso-legal\/"]}]},{"@type":"BreadcrumbList","@id":"https:\/\/cuacua.co\/es\/aviso-legal\/#breadcrumb","itemListElement":[{"@type":"ListItem","position":1,"name":"Home","item":"https:\/\/cuacua.co\/es\/"},{"@type":"ListItem","position":2,"name":"Aviso Legal"}]},{"@type":"WebSite","@id":"http:\/\/cuacua.co\/#website","url":"http:\/\/cuacua.co\/","name":"CUA CUA","description":"Licor de Naranja","potentialAction":[{"@type":"SearchAction","target":{"@type":"EntryPoint","urlTemplate":"http:\/\/cuacua.co\/?s={search_term_string}"},"query-input":{"@type":"PropertyValueSpecification","valueRequired":true,"valueName":"search_term_string"}}],"inLanguage":"es"}]}},"_links":{"self":[{"href":"https:\/\/cuacua.co\/es\/wp-json\/wp\/v2\/pages\/44","targetHints":{"allow":["GET"]}}],"collection":[{"href":"https:\/\/cuacua.co\/es\/wp-json\/wp\/v2\/pages"}],"about":[{"href":"https:\/\/cuacua.co\/es\/wp-json\/wp\/v2\/types\/page"}],"author":[{"embeddable":true,"href":"https:\/\/cuacua.co\/es\/wp-json\/wp\/v2\/users\/1"}],"replies":[{"embeddable":true,"href":"https:\/\/cuacua.co\/es\/wp-json\/wp\/v2\/comments?post=44"}],"version-history":[{"count":5,"href":"https:\/\/cuacua.co\/es\/wp-json\/wp\/v2\/pages\/44\/revisions"}],"predecessor-version":[{"id":254,"href":"https:\/\/cuacua.co\/es\/wp-json\/wp\/v2\/pages\/44\/revisions\/254"}],"wp:attachment":[{"href":"https:\/\/cuacua.co\/es\/wp-json\/wp\/v2\/media?parent=44"}],"curies":[{"name":"wp","href":"https:\/\/api.w.org\/{rel}","templated":true}]}}