{"id":227,"date":"2018-10-25T21:39:58","date_gmt":"2018-10-25T21:39:58","guid":{"rendered":"http:\/\/cuacua.co\/?page_id=227"},"modified":"2018-10-25T21:39:58","modified_gmt":"2018-10-25T21:39:58","slug":"politica-de-cookies","status":"publish","type":"page","link":"https:\/\/cuacua.co\/es\/politica-de-cookies\/","title":{"rendered":"Pol\u00edtica de Cookies"},"content":{"rendered":"<p>Una cookie es un archivo que se descarga y almacena en el equipo del usuario al acceder a determinadas p\u00e1ginas web, para almacenar y recuperar informaci\u00f3n sobre la navegaci\u00f3n que se realiza desde ese equipo. Las cookies son esenciales para el funcionamiento de Internet, aportando ventajas para la prestaci\u00f3n de servicios interactivos, facilit\u00e1ndole la navegaci\u00f3n y usabilidad de nuestra web. Tenga en cuenta que las cookies no pueden da\u00f1ar su equipo y que a cambio el que est\u00e9n activadas nos ayudan a identificar y resolver los errores.<\/p>\n<p>Sus funciones pueden ser muy variadas: almacenar sus preferencias de navegaci\u00f3n, recopilar informaci\u00f3n estad\u00edstica, permitir ciertas funcionalidades t\u00e9cnicas, almacenar y recuperar informaci\u00f3n sobre los h\u00e1bitos de navegaci\u00f3n o preferencias de un usuario o de su equipo hasta el punto, en ocasiones, dependiendo de la informaci\u00f3n que contengan y de la forma en que utilice su equipo, de poder reconocerlo. Una cookie se almacena en un ordenador para personalizar y facilitar al m\u00e1ximo la navegaci\u00f3n del usuario.<\/p>\n<p>Las cookies se asocian \u00fanicamente a un usuario y su ordenador y no proporcionan referencias que permitan deducir datos personales del usuario. El usuario podr\u00e1 configurar su navegador para que notifique o rechace la instalaci\u00f3n de las cookies enviadas por el sitio web.<\/p>\n<p>Navegar por esta web supone que se puedan instalar los siguientes tipos de cookies:<\/p>\n<p>1. COOKIES DE AN\u00c1LISIS ESTAD\u00cdSTICO<br \/>\nSon aquellas que, bien tratadas por nosotros o por terceros, permiten cuantificar el n\u00famero de visitantes y analizar estad\u00edsticamente la utilizaci\u00f3n que hacen los usuarios de nuestros servicios. Gracias a ellas podemos estudiar la navegaci\u00f3n por nuestra p\u00e1gina web y mejorar as\u00ed la oferta de productos o servicios que ofrecemos. Estas cookies no ir\u00e1n asociadas a ning\u00fan dato de car\u00e1cter personal que pueda identificar al usuario, dando informaci\u00f3n sobre el comportamiento de navegaci\u00f3n de forma an\u00f3nima.<\/p>\n<p>2. COOKIES DE REGISTRO<br \/>\nSon cookies que le identifican como usuario registrado e indican cu\u00e1ndo usted se ha identificado en la web. Estas cookies son utilizadas para identificar su cuenta de usuario y sus servicios asociados, facilitando as\u00ed su navegaci\u00f3n. Estas cookies se mantienen mientras usted no abandone la cuenta, cierre el navegador o apague el dispositivo. Estas cookies pueden ser utilizadas en combinaci\u00f3n con datos anal\u00edticos para identificar de manera individual sus preferencias en nuestro portal.<\/p>\n<p>3. COOKIES DE MEJORA DEL RENDIMIENTO<br \/>\nEste tipo de cookies conserva sus preferencias para ciertas herramientas o servicios para que no tenga que reconfigurarlos cada vez que visita nuestro portal y, en algunos casos, pueden ser aportadas por terceros. Algunos ejemplos de este tipo de cookies son: ajuste del volumen de los reproductores audiovisuales, preferencias de ordenaci\u00f3n de art\u00edculos o velocidades de reproducci\u00f3n de v\u00eddeo compatibles. En el caso de comercio electr\u00f3nico, permiten mantener informaci\u00f3n sobre su cesta de la compra.<\/p>\n<p>4. COOKIES PUBLICITARIAS<br \/>\nSon aqu\u00e9llas que, bien tratadas por nosotros o por terceros, permiten gestionar eficazmente los espacios publicitarios de nuestro sitio web, adecuando el contenido del anuncio al contenido del servicio solicitado o al uso que realice de nuestra p\u00e1gina web. Gracias a ella podemos conocer sus h\u00e1bitos de navegaci\u00f3n en internet y mostrarle publicidad relacionada con su perfil de navegaci\u00f3n.<\/p>\n<p>5. COOKIES DE GEOLOCALIZACI\u00d3N<br \/>\nEstas cookies son usadas por programas que intentan localizar geogr\u00e1ficamente la situaci\u00f3n del ordenador, smartphone, tableta o televisi\u00f3n conectada, para de manera totalmente an\u00f3nima ofrecerle contenidos y servicios m\u00e1s adecuados.<\/p>\n<p>6. OTRAS COOKIES DE TERCEROS<br \/>\nEn algunas de nuestras p\u00e1ginas, como a trav\u00e9s de enlaces a las redes sociales que permiten compartir nuestros contenidos, se pueden instalar cookies de terceros que permitan gestionar y mejorar los servicios que \u00e9stos ofrecen.<\/p>\n<p>\u00bfPUEDE UD. PERMITIRLAS, BLOQUEARLAS O ELIMINARLAS?<br \/>\ns\u00ed, de la manera que se indica a continuaci\u00f3n:<\/p>\n<p>Para visualizarlas, seg\u00fan el navegador existen enlaces informativos:<\/p>\n<p>GOOGLE CHROME:<br \/>\nhttps:\/\/support.google.com\/chrome\/answer\/95647?hl=es<\/p>\n<p>MOZILLA FIREFOX:<br \/>\nhttps:\/\/support.mozilla.org\/es\/kb\/cookies-informacion-que-los-sitios-web-guardan-en-<\/p>\n<p>INTERNET EXPLORER:<br \/>\nhttp:\/\/windows.microsoft.com\/es-es\/internet-explorer\/delete-manage-cookies#ie=ie-11<\/p>\n<p>PARA DESACTIVAR O ELIMINAR LAS COOKIES:<br \/>\nEl usuario deber\u00e1 modificar la configuraci\u00f3n del navegador que utilice en su terminal, ya sea ordenador, smartphone o tablet. Con car\u00e1cter general los navegadores ofrecen las siguientes opciones de configuraci\u00f3n en relaci\u00f3n a la instalaci\u00f3n de cookies:<\/p>\n<p>Que el navegador rechace todas las cookies y por lo tanto, que no se instale ninguna cookie de ninguna p\u00e1gina web en su terminal.<br \/>\nQue el navegador le avise antes de que se produzca la instalaci\u00f3n de la cookie para que usted decida si acepta o no la instalaci\u00f3n de la misma.<br \/>\nQue el navegador \u00fanicamente rechace las cookies de terceros de los sitios web que visita pero no las utilizadas por el sitio web por el que usted navega.<br \/>\nLa opci\u00f3n de navegaci\u00f3n en modo privado mediante la cual, las cookies se instalan en el terminal pero se elimina de manera autom\u00e1tica cuando finaliza la navegaci\u00f3n por la p\u00e1gina web:<br \/>\nGOOGLE CHROME:<br \/>\nhttps:\/\/support.google.com\/chrome\/answer\/95464?hl=es<\/p>\n<p>MOZILLA FIREFOX:<br \/>\nhttps:\/\/support.mozilla.org\/es\/kb\/navegacion-privada-Firefox-no-guardar-historial-navegacion<\/p>\n<p>INTERNET EXPLORER:<br \/>\nhttp:\/\/windows.microsoft.com\/es-ES\/windows-8\/help-protect-yourself-ie-10?ocid=IE10_priv_browsing#firs<\/p>\n<p>SI SE IMPIDE LA INSTALACI\u00d3N DE TODAS LAS COOKIES DE LA P\u00c1GINA WEB, ALGUNAS FUNCIONALIDADES DE LA MISMA, AS\u00cd COMO ALGUNOS CONTENIDOS PUEDEN VERSE AFECTADOS.<\/p>\n","protected":false},"excerpt":{"rendered":"<p>Una cookie es un archivo que se descarga y almacena en el equipo del usuario al acceder a determinadas p\u00e1ginas web, para almacenar y recuperar informaci\u00f3n sobre la navegaci\u00f3n que &#8230;<\/p>\n","protected":false},"author":1,"featured_media":0,"parent":0,"menu_order":0,"comment_status":"closed","ping_status":"closed","template":"","meta":{"footnotes":""},"class_list":["post-227","page","type-page","status-publish","hentry"],"yoast_head":"<!-- This site is optimized with the Yoast SEO plugin v26.9 - https:\/\/yoast.com\/product\/yoast-seo-wordpress\/ -->\n<title>Pol\u00edtica de Cookies - CUA CUA<\/title>\n<meta name=\"robots\" content=\"index, follow, max-snippet:-1, max-image-preview:large, max-video-preview:-1\" \/>\n<link rel=\"canonical\" href=\"https:\/\/cuacua.co\/es\/politica-de-cookies\/\" \/>\n<meta property=\"og:locale\" content=\"es_ES\" \/>\n<meta property=\"og:type\" content=\"article\" \/>\n<meta property=\"og:title\" content=\"Pol\u00edtica de Cookies - CUA CUA\" \/>\n<meta property=\"og:description\" content=\"Una cookie es un archivo que se descarga y almacena en el equipo del usuario al acceder a determinadas p\u00e1ginas web, para almacenar y recuperar informaci\u00f3n sobre la navegaci\u00f3n que ...\" \/>\n<meta property=\"og:url\" content=\"https:\/\/cuacua.co\/es\/politica-de-cookies\/\" \/>\n<meta property=\"og:site_name\" content=\"CUA CUA\" \/>\n<meta name=\"twitter:card\" content=\"summary_large_image\" \/>\n<meta name=\"twitter:label1\" content=\"Tiempo de lectura\" \/>\n\t<meta name=\"twitter:data1\" content=\"5 minutos\" \/>\n<script type=\"application\/ld+json\" class=\"yoast-schema-graph\">{\"@context\":\"https:\/\/schema.org\",\"@graph\":[{\"@type\":\"WebPage\",\"@id\":\"https:\/\/cuacua.co\/es\/politica-de-cookies\/\",\"url\":\"https:\/\/cuacua.co\/es\/politica-de-cookies\/\",\"name\":\"Pol\u00edtica de Cookies - CUA CUA\",\"isPartOf\":{\"@id\":\"http:\/\/cuacua.co\/#website\"},\"datePublished\":\"2018-10-25T21:39:58+00:00\",\"breadcrumb\":{\"@id\":\"https:\/\/cuacua.co\/es\/politica-de-cookies\/#breadcrumb\"},\"inLanguage\":\"es\",\"potentialAction\":[{\"@type\":\"ReadAction\",\"target\":[\"https:\/\/cuacua.co\/es\/politica-de-cookies\/\"]}]},{\"@type\":\"BreadcrumbList\",\"@id\":\"https:\/\/cuacua.co\/es\/politica-de-cookies\/#breadcrumb\",\"itemListElement\":[{\"@type\":\"ListItem\",\"position\":1,\"name\":\"Home\",\"item\":\"https:\/\/cuacua.co\/es\/\"},{\"@type\":\"ListItem\",\"position\":2,\"name\":\"Pol\u00edtica de Cookies\"}]},{\"@type\":\"WebSite\",\"@id\":\"http:\/\/cuacua.co\/#website\",\"url\":\"http:\/\/cuacua.co\/\",\"name\":\"CUA CUA\",\"description\":\"Licor de Naranja\",\"potentialAction\":[{\"@type\":\"SearchAction\",\"target\":{\"@type\":\"EntryPoint\",\"urlTemplate\":\"http:\/\/cuacua.co\/?s={search_term_string}\"},\"query-input\":{\"@type\":\"PropertyValueSpecification\",\"valueRequired\":true,\"valueName\":\"search_term_string\"}}],\"inLanguage\":\"es\"}]}<\/script>\n<!-- \/ Yoast SEO plugin. -->","yoast_head_json":{"title":"Pol\u00edtica de Cookies - CUA CUA","robots":{"index":"index","follow":"follow","max-snippet":"max-snippet:-1","max-image-preview":"max-image-preview:large","max-video-preview":"max-video-preview:-1"},"canonical":"https:\/\/cuacua.co\/es\/politica-de-cookies\/","og_locale":"es_ES","og_type":"article","og_title":"Pol\u00edtica de Cookies - CUA CUA","og_description":"Una cookie es un archivo que se descarga y almacena en el equipo del usuario al acceder a determinadas p\u00e1ginas web, para almacenar y recuperar informaci\u00f3n sobre la navegaci\u00f3n que ...","og_url":"https:\/\/cuacua.co\/es\/politica-de-cookies\/","og_site_name":"CUA CUA","twitter_card":"summary_large_image","twitter_misc":{"Tiempo de lectura":"5 minutos"},"schema":{"@context":"https:\/\/schema.org","@graph":[{"@type":"WebPage","@id":"https:\/\/cuacua.co\/es\/politica-de-cookies\/","url":"https:\/\/cuacua.co\/es\/politica-de-cookies\/","name":"Pol\u00edtica de Cookies - CUA CUA","isPartOf":{"@id":"http:\/\/cuacua.co\/#website"},"datePublished":"2018-10-25T21:39:58+00:00","breadcrumb":{"@id":"https:\/\/cuacua.co\/es\/politica-de-cookies\/#breadcrumb"},"inLanguage":"es","potentialAction":[{"@type":"ReadAction","target":["https:\/\/cuacua.co\/es\/politica-de-cookies\/"]}]},{"@type":"BreadcrumbList","@id":"https:\/\/cuacua.co\/es\/politica-de-cookies\/#breadcrumb","itemListElement":[{"@type":"ListItem","position":1,"name":"Home","item":"https:\/\/cuacua.co\/es\/"},{"@type":"ListItem","position":2,"name":"Pol\u00edtica de Cookies"}]},{"@type":"WebSite","@id":"http:\/\/cuacua.co\/#website","url":"http:\/\/cuacua.co\/","name":"CUA CUA","description":"Licor de Naranja","potentialAction":[{"@type":"SearchAction","target":{"@type":"EntryPoint","urlTemplate":"http:\/\/cuacua.co\/?s={search_term_string}"},"query-input":{"@type":"PropertyValueSpecification","valueRequired":true,"valueName":"search_term_string"}}],"inLanguage":"es"}]}},"_links":{"self":[{"href":"https:\/\/cuacua.co\/es\/wp-json\/wp\/v2\/pages\/227","targetHints":{"allow":["GET"]}}],"collection":[{"href":"https:\/\/cuacua.co\/es\/wp-json\/wp\/v2\/pages"}],"about":[{"href":"https:\/\/cuacua.co\/es\/wp-json\/wp\/v2\/types\/page"}],"author":[{"embeddable":true,"href":"https:\/\/cuacua.co\/es\/wp-json\/wp\/v2\/users\/1"}],"replies":[{"embeddable":true,"href":"https:\/\/cuacua.co\/es\/wp-json\/wp\/v2\/comments?post=227"}],"version-history":[{"count":1,"href":"https:\/\/cuacua.co\/es\/wp-json\/wp\/v2\/pages\/227\/revisions"}],"predecessor-version":[{"id":228,"href":"https:\/\/cuacua.co\/es\/wp-json\/wp\/v2\/pages\/227\/revisions\/228"}],"wp:attachment":[{"href":"https:\/\/cuacua.co\/es\/wp-json\/wp\/v2\/media?parent=227"}],"curies":[{"name":"wp","href":"https:\/\/api.w.org\/{rel}","templated":true}]}}